{"id":181,"date":"2011-09-03T10:59:37","date_gmt":"2011-09-03T10:59:37","guid":{"rendered":"http:\/\/mg-stsilvester.lexe.ch\/?page_id=181"},"modified":"2011-10-04T11:25:17","modified_gmt":"2011-10-04T11:25:17","slug":"passivmitglied","status":"publish","type":"page","link":"http:\/\/www.mg-stsilvester.ch\/?page_id=181","title":{"rendered":"Passivmitglied"},"content":{"rendered":"<p>M\u00f6chten Sie unseren Verein unterst\u00fctzen? Wenn ja, werden Sie Passivmitglied bei uns! Mit Ihrer Spende leisten Sie einen Beitrag zu unserer Jugendf\u00f6rderung, Instrumentierung der Musikgesellschaft, Uniformen etc.<\/p>\n<p>F\u00fcllen Sie einfach das Anmeldeformular aus und schicken es an die aufgef\u00fchrte Adresse oder geben es einem Aktivmitglied der Musikgesellschaft ab.<\/p>\n<p>Der Mindestbeitrag betr\u00e4gt pro Musikjahr (September-August) CHF 20.00 f\u00fcr Einzelpersonen und CHF 30.00 f\u00fcr Ehepaare.<\/p>\n<p>Als Passivmitglied profitieren Sie von einer pers\u00f6nlichen Einladung zum Jahreskonzert mit einem Getr\u00e4nkebon.<\/p>\n<p>Merci v\u00fcu Mau!!!<\/p>\n","protected":false},"excerpt":{"rendered":"<p>M\u00f6chten Sie unseren Verein unterst\u00fctzen? Wenn ja, werden Sie Passivmitglied bei uns! Mit Ihrer Spende leisten Sie einen Beitrag zu unserer Jugendf\u00f6rderung, Instrumentierung der Musikgesellschaft, Uniformen etc. F\u00fcllen Sie einfach das Anmeldeformular aus und schicken es an die aufgef\u00fchrte Adresse &hellip; <a href=\"http:\/\/www.mg-stsilvester.ch\/?page_id=181\">Weiterlesen <span class=\"meta-nav\">&rarr;<\/span><\/a><\/p>\n","protected":false},"author":1,"featured_media":0,"parent":84,"menu_order":82,"comment_status":"open","ping_status":"open","template":"","meta":{"footnotes":""},"class_list":["post-181","page","type-page","status-publish","hentry"],"_links":{"self":[{"href":"http:\/\/www.mg-stsilvester.ch\/index.php?rest_route=\/wp\/v2\/pages\/181","targetHints":{"allow":["GET"]}}],"collection":[{"href":"http:\/\/www.mg-stsilvester.ch\/index.php?rest_route=\/wp\/v2\/pages"}],"about":[{"href":"http:\/\/www.mg-stsilvester.ch\/index.php?rest_route=\/wp\/v2\/types\/page"}],"author":[{"embeddable":true,"href":"http:\/\/www.mg-stsilvester.ch\/index.php?rest_route=\/wp\/v2\/users\/1"}],"replies":[{"embeddable":true,"href":"http:\/\/www.mg-stsilvester.ch\/index.php?rest_route=%2Fwp%2Fv2%2Fcomments&post=181"}],"version-history":[{"count":4,"href":"http:\/\/www.mg-stsilvester.ch\/index.php?rest_route=\/wp\/v2\/pages\/181\/revisions"}],"predecessor-version":[{"id":296,"href":"http:\/\/www.mg-stsilvester.ch\/index.php?rest_route=\/wp\/v2\/pages\/181\/revisions\/296"}],"up":[{"embeddable":true,"href":"http:\/\/www.mg-stsilvester.ch\/index.php?rest_route=\/wp\/v2\/pages\/84"}],"wp:attachment":[{"href":"http:\/\/www.mg-stsilvester.ch\/index.php?rest_route=%2Fwp%2Fv2%2Fmedia&parent=181"}],"curies":[{"name":"wp","href":"https:\/\/api.w.org\/{rel}","templated":true}]}}