{"id":177,"date":"2011-09-03T10:59:03","date_gmt":"2011-09-03T10:59:03","guid":{"rendered":"http:\/\/mg-stsilvester.lexe.ch\/?page_id=177"},"modified":"2011-10-04T11:25:05","modified_gmt":"2011-10-04T11:25:05","slug":"silvester-musikant","status":"publish","type":"page","link":"https:\/\/www.mg-stsilvester.ch\/?page_id=177","title":{"rendered":"Silvester Musikant"},"content":{"rendered":"<p>Der \u201eSilvester Musikant\u201c ist die G\u00f6nnervereinigung der Musikgesellschaft St. Silvester. Sie hat zum Zweck, die Gesellschaft finanziell zu unterst\u00fctzen. Besonderen Wert wird dabei auf die Ausbildung von Jungmusikanten gelegt, damit diese sp\u00e4ter einmal im Verein mitspielen k\u00f6nnen.<\/p>\n<p>Mit dabei sind Sie mit Mindestbeitr\u00e4gen von CHF 100.- f\u00fcr Einzelpersonen oder CHF 150.- f\u00fcr ein Paar. Die Beitr\u00e4ge werden pro Musikjahr, das heisst von September bis August, berechnet.<\/p>\n<p>Als Gegenleistung werden Sie einmal pro Jahr zu einem G\u00f6nnerabend eingeladen. Die Art und das Datum k\u00f6nnen dabei von Jahr zu Jahr variieren. Weiter erhalten Sie eine pers\u00f6nliche Einladung zu Anl\u00e4ssen der Musikgesellschaft, so zum Beispiel f\u00fcr Oberl\u00e4nder-, Bezirks- oder Kantonalmusiktreffen, Jahreskonzerte oder Adventskonzerte.<\/p>\n<p>Wenn Sie Mitglied dieser G\u00f6nnervereinigung werden m\u00f6chten, nehmen Sie bitte mit einem Musikanten Kontakt auf oder f\u00fcllen Sie dieses Anmeldeformular aus.<\/p>\n<p>Wir bedanken uns bereits jetzt f\u00fcr Ihre wertvolle Hilfe! Ohne solch finanzielle Unterst\u00fctzung ist das \u00dcberleben unserer Gesellschaft l\u00e4ngerfristig nicht mehr gesichert!<\/p>\n<p>Merci v\u00fcu Mau!<\/p>\n","protected":false},"excerpt":{"rendered":"<p>Der \u201eSilvester Musikant\u201c ist die G\u00f6nnervereinigung der Musikgesellschaft St. Silvester. Sie hat zum Zweck, die Gesellschaft finanziell zu unterst\u00fctzen. Besonderen Wert wird dabei auf die Ausbildung von Jungmusikanten gelegt, damit diese sp\u00e4ter einmal im Verein mitspielen k\u00f6nnen. Mit dabei sind &hellip; <a href=\"https:\/\/www.mg-stsilvester.ch\/?page_id=177\">Weiterlesen <span class=\"meta-nav\">&rarr;<\/span><\/a><\/p>\n","protected":false},"author":1,"featured_media":0,"parent":84,"menu_order":81,"comment_status":"open","ping_status":"closed","template":"","meta":{"footnotes":""},"class_list":["post-177","page","type-page","status-publish","hentry"],"_links":{"self":[{"href":"https:\/\/www.mg-stsilvester.ch\/index.php?rest_route=\/wp\/v2\/pages\/177","targetHints":{"allow":["GET"]}}],"collection":[{"href":"https:\/\/www.mg-stsilvester.ch\/index.php?rest_route=\/wp\/v2\/pages"}],"about":[{"href":"https:\/\/www.mg-stsilvester.ch\/index.php?rest_route=\/wp\/v2\/types\/page"}],"author":[{"embeddable":true,"href":"https:\/\/www.mg-stsilvester.ch\/index.php?rest_route=\/wp\/v2\/users\/1"}],"replies":[{"embeddable":true,"href":"https:\/\/www.mg-stsilvester.ch\/index.php?rest_route=%2Fwp%2Fv2%2Fcomments&post=177"}],"version-history":[{"count":5,"href":"https:\/\/www.mg-stsilvester.ch\/index.php?rest_route=\/wp\/v2\/pages\/177\/revisions"}],"predecessor-version":[{"id":294,"href":"https:\/\/www.mg-stsilvester.ch\/index.php?rest_route=\/wp\/v2\/pages\/177\/revisions\/294"}],"up":[{"embeddable":true,"href":"https:\/\/www.mg-stsilvester.ch\/index.php?rest_route=\/wp\/v2\/pages\/84"}],"wp:attachment":[{"href":"https:\/\/www.mg-stsilvester.ch\/index.php?rest_route=%2Fwp%2Fv2%2Fmedia&parent=177"}],"curies":[{"name":"wp","href":"https:\/\/api.w.org\/{rel}","templated":true}]}}