{"id":93,"date":"2011-12-02T12:40:08","date_gmt":"2011-12-02T12:40:08","guid":{"rendered":"http:\/\/mg-stsilvester.lexe.ch\/?page_id=93"},"modified":"2025-07-19T11:46:21","modified_gmt":"2025-07-19T11:46:21","slug":"willkommen-2","status":"publish","type":"page","link":"https:\/\/www.mg-stsilvester.ch\/","title":{"rendered":"Willkommen"},"content":{"rendered":"<h3 align=\"left\"><strong>Herzlich willkommen auf der Website der Musikgesellschaft St.Silvester<\/strong><\/h3>\n<p style=\"text-align: center;\"><a href=\"http:\/\/www.mg-stsilvester.ch\/wp-content\/uploads\/2020\/07\/Foto-MG-St.Silvester.jpg\"><img loading=\"lazy\" decoding=\"async\" class=\"wp-image-828 aligncenter\" src=\"http:\/\/www.mg-stsilvester.ch\/wp-content\/uploads\/2020\/07\/Foto-MG-St.Silvester.jpg\" alt=\"\" width=\"669\" height=\"446\" srcset=\"https:\/\/www.mg-stsilvester.ch\/wp-content\/uploads\/2020\/07\/Foto-MG-St.Silvester.jpg 5472w, https:\/\/www.mg-stsilvester.ch\/wp-content\/uploads\/2020\/07\/Foto-MG-St.Silvester-300x200.jpg 300w, https:\/\/www.mg-stsilvester.ch\/wp-content\/uploads\/2020\/07\/Foto-MG-St.Silvester-768x512.jpg 768w, https:\/\/www.mg-stsilvester.ch\/wp-content\/uploads\/2020\/07\/Foto-MG-St.Silvester-1024x683.jpg 1024w\" sizes=\"auto, (max-width: 669px) 100vw, 669px\" \/><\/a>\u00a0<a href=\"http:\/\/www.mg-stsilvester.ch\/wp-content\/uploads\/2011\/09\/MG-Gruppenfoto.jpg\"><br \/>\n<\/a><\/p>\n<p>&nbsp;<\/p>\n<p align=\"left\">Die MG St.Silvester wurde im Jahr 1959 gegr\u00fcndet. Wir sind eine Harmoniemusik und spielen in der 3. St\u00e4rkeklasse.<\/p>\n<p align=\"left\">Wir hoffen Ihnen mit unserer Homepage einen \u00dcberblick \u00fcber unseren Verein zu pr\u00e4sentieren.<\/p>\n<p align=\"left\">Ebenfalls findet man uns auf Facebook und Instagram: <a title=\"MG St.Silvester\" href=\"https:\/\/www.facebook.com\/mgstsilvester\">https:\/\/www.facebook.com\/mgstsilvester<\/a><\/p>\n<p><a href=\"https:\/\/www.instagram.com\/mg_st.silvester\/#\">Musikgesellschaft St. Silvester (@mg_st.silvester) \u2022 Instagram-Fotos und -Videos<\/a><\/p>\n<p>&nbsp;<\/p>\n<p align=\"left\">Alle Angaben zum Vorstand sehen Sie in der Rubrik &#8222;\u00dcber uns&#8220;. Dort befinden sich auch die Listen der Aktivmitglieder sowie Ehrenmitglieder unseres Vereins.<\/p>\n<p align=\"left\">Informationen zu unserer G\u00f6nnervereinigung erhalten Sie unter &#8222;Silvester Musikant&#8220;.<\/p>\n<p align=\"left\">Aktivmitglieder erhalten im internen Bereich weitere Informationen.<\/p>\n<p style=\"text-align: left;\" align=\"center\">Nat\u00fcrlich interessiert uns auch Ihr Kommentar, den Sie unter G\u00e4stebuch eintragen k\u00f6nnen.<\/p>\n<p align=\"center\">Nun w\u00fcnschen wir viel Spass beim Durchst\u00f6bern unserer Homepage!<\/p>\n<p>&nbsp;<\/p>\n","protected":false},"excerpt":{"rendered":"<p>Herzlich willkommen auf der Website der Musikgesellschaft St.Silvester \u00a0 &nbsp; Die MG St.Silvester wurde im Jahr 1959 gegr\u00fcndet. Wir sind eine Harmoniemusik und spielen in der 3. St\u00e4rkeklasse. Wir hoffen Ihnen mit unserer Homepage einen \u00dcberblick \u00fcber unseren Verein zu &hellip; <a href=\"https:\/\/www.mg-stsilvester.ch\/\">Weiterlesen <span class=\"meta-nav\">&rarr;<\/span><\/a><\/p>\n","protected":false},"author":1,"featured_media":0,"parent":0,"menu_order":12,"comment_status":"open","ping_status":"closed","template":"","meta":{"footnotes":""},"class_list":["post-93","page","type-page","status-publish","hentry"],"_links":{"self":[{"href":"https:\/\/www.mg-stsilvester.ch\/index.php?rest_route=\/wp\/v2\/pages\/93","targetHints":{"allow":["GET"]}}],"collection":[{"href":"https:\/\/www.mg-stsilvester.ch\/index.php?rest_route=\/wp\/v2\/pages"}],"about":[{"href":"https:\/\/www.mg-stsilvester.ch\/index.php?rest_route=\/wp\/v2\/types\/page"}],"author":[{"embeddable":true,"href":"https:\/\/www.mg-stsilvester.ch\/index.php?rest_route=\/wp\/v2\/users\/1"}],"replies":[{"embeddable":true,"href":"https:\/\/www.mg-stsilvester.ch\/index.php?rest_route=%2Fwp%2Fv2%2Fcomments&post=93"}],"version-history":[{"count":44,"href":"https:\/\/www.mg-stsilvester.ch\/index.php?rest_route=\/wp\/v2\/pages\/93\/revisions"}],"predecessor-version":[{"id":904,"href":"https:\/\/www.mg-stsilvester.ch\/index.php?rest_route=\/wp\/v2\/pages\/93\/revisions\/904"}],"wp:attachment":[{"href":"https:\/\/www.mg-stsilvester.ch\/index.php?rest_route=%2Fwp%2Fv2%2Fmedia&parent=93"}],"curies":[{"name":"wp","href":"https:\/\/api.w.org\/{rel}","templated":true}]}}